{"id":359,"date":"2020-12-19T13:39:17","date_gmt":"2020-12-19T12:39:17","guid":{"rendered":"http:\/\/www4.ekf.tuke.sk\/ke\/?page_id=359"},"modified":"2025-09-17T08:43:17","modified_gmt":"2025-09-17T06:43:17","slug":"bc-3-rocnik","status":"publish","type":"page","link":"https:\/\/ke.ekf.tuke.sk\/index.php\/bc-3-rocnik\/","title":{"rendered":"BC 3. ro\u010dn\u00edk"},"content":{"rendered":"\n<p><strong>POVINN\u00c9 PREDMETY (PP) &#8211; ZIMN\u00dd SEMESTER<\/strong><br>Konzulta\u010dn\u00e9 hodiny pre PP v ZS: pod\u013ea dohody s vyu\u010duj\u00facim dan\u00e9ho predmetu<br>Informa\u010dn\u00e9 listy predmetov: aktu\u00e1lnu verziu mo\u017eno n\u00e1js\u0165 na str\u00e1nke <a href=\"https:\/\/maisportal.tuke.sk\/portal\/studijneProgramy.mais\" target=\"_blank\" rel=\"noreferrer noopener\">maisportal.tuke.sk<\/a><\/p>\n\n\n\n<hr class=\"wp-block-separator has-css-opacity is-style-wide\"\/>\n\n\n\n<div class=\"wp-block-columns has-2-columns is-layout-flex wp-container-core-columns-is-layout-9d6595d7 wp-block-columns-is-layout-flex\">\n<div class=\"wp-block-column is-layout-flow wp-block-column-is-layout-flow\">\n<p><strong>Hospod\u00e1rska politika<\/strong><a aria-label=\" (otvor\u00ed sa v novej karte)\" href=\"http:\/\/ke.ekf.tuke.sk\/wp-content\/uploads\/2021\/09\/ilp_hospodarska_politika_2021-22.pdf\" target=\"_blank\" rel=\"noreferrer noopener\"> <\/a>\u2013 <a aria-label=\"\ufffc (otvor\u00ed sa v novej karte)\" href=\"https:\/\/moodle.ekf.tuke.sk\/course\/view.php?id=44\" target=\"_blank\" rel=\"noreferrer noopener\"><img loading=\"lazy\" decoding=\"async\" width=\"30\" height=\"30\" class=\"wp-image-618\" style=\"width: 30px;\" src=\"http:\/\/ke.ekf.tuke.sk\/wp-content\/uploads\/2020\/12\/moodle-m-with-grid.png\" alt=\"\" srcset=\"https:\/\/ke.ekf.tuke.sk\/wp-content\/uploads\/2020\/12\/moodle-m-with-grid.png 1024w, https:\/\/ke.ekf.tuke.sk\/wp-content\/uploads\/2020\/12\/moodle-m-with-grid-150x150.png 150w, https:\/\/ke.ekf.tuke.sk\/wp-content\/uploads\/2020\/12\/moodle-m-with-grid-300x300.png 300w, https:\/\/ke.ekf.tuke.sk\/wp-content\/uploads\/2020\/12\/moodle-m-with-grid-768x768.png 768w\" sizes=\"auto, (max-width: 30px) 100vw, 30px\" \/><\/a><br>ODBOR: FBI, EaMVS<br>PREDN\u00c1\u0160KY:<br>doc. Ing. Marianna Sini\u010d\u00e1kov\u00e1, PhD. <br>CVI\u010cENIA:<br>Ing. Veronika \u0160ul\u00edkov\u00e1, PhD.<br>doc. Ing. Marianna Sini\u010d\u00e1kov\u00e1, PhD. (EN)<br>Ing. Tamara Cehl\u00e1rov\u00e1<\/p>\n<\/div>\n\n\n\n<div class=\"wp-block-column is-layout-flow wp-block-column-is-layout-flow\"><\/div>\n<\/div>\n\n\n\n<hr class=\"wp-block-separator has-css-opacity is-style-wide\"\/>\n\n\n\n<p><strong>POVINN\u00c9 PREDMETY (PP) &#8211; LETN\u00dd SEMESTER<\/strong><br>Konzulta\u010dn\u00e9 hodiny pre PP v LS: pod\u013ea dohody s vyu\u010duj\u00facim dan\u00e9ho predmetu<\/p>\n\n\n\n<hr class=\"wp-block-separator has-css-opacity is-style-wide\"\/>\n\n\n\n<div class=\"wp-block-columns has-2-columns is-layout-flex wp-container-core-columns-is-layout-9d6595d7 wp-block-columns-is-layout-flex\">\n<div class=\"wp-block-column is-layout-flow wp-block-column-is-layout-flow\">\n<p><strong>Svetov\u00e1 ekonomika<\/strong> \u2013 <a aria-label=\"\ufffc (otvor\u00ed sa v novej karte)\" href=\"https:\/\/moodle.ekf.tuke.sk\/course\/view.php?id=207\" target=\"_blank\" rel=\"noreferrer noopener\"><img loading=\"lazy\" decoding=\"async\" width=\"30\" height=\"30\" class=\"wp-image-618\" style=\"width: 30px;\" src=\"http:\/\/ke.ekf.tuke.sk\/wp-content\/uploads\/2020\/12\/moodle-m-with-grid.png\" alt=\"\" srcset=\"https:\/\/ke.ekf.tuke.sk\/wp-content\/uploads\/2020\/12\/moodle-m-with-grid.png 1024w, https:\/\/ke.ekf.tuke.sk\/wp-content\/uploads\/2020\/12\/moodle-m-with-grid-150x150.png 150w, https:\/\/ke.ekf.tuke.sk\/wp-content\/uploads\/2020\/12\/moodle-m-with-grid-300x300.png 300w, https:\/\/ke.ekf.tuke.sk\/wp-content\/uploads\/2020\/12\/moodle-m-with-grid-768x768.png 768w\" sizes=\"auto, (max-width: 30px) 100vw, 30px\" \/><\/a><br>ODBOR: FBI, EaMVS<br>PREDN\u00c1\u0160KY:<br>doc. Ing. J\u00falia \u010eur\u010dov\u00e1, PhD. <br>CVI\u010cENIA:<br>Ing. \u013dudmila Bart\u00f3kov\u00e1, PhD.<br>doc. Ing. Marianna Sini\u010d\u00e1kov\u00e1, PhD. (EN)<br>Ing. Marek Pekar\u010d\u00edk<\/p>\n<\/div>\n\n\n\n<div class=\"wp-block-column is-layout-flow wp-block-column-is-layout-flow\"><\/div>\n<\/div>\n\n\n\n<hr class=\"wp-block-separator has-css-opacity is-style-wide\"\/>\n\n\n\n<p><strong>POVINNE VOLITE\u013dN\u00c9 PREDMETY (PVP) &#8211; ZIMN\u00dd SEMESTER<\/strong><br>Konzulta\u010dn\u00e9 hodiny pre PVP v ZS: pod\u013ea dohody s vyu\u010duj\u00facim dan\u00e9ho predmetu<\/p>\n\n\n\n<hr class=\"wp-block-separator has-css-opacity is-style-wide\"\/>\n\n\n\n<div class=\"wp-block-columns has-2-columns is-layout-flex wp-container-core-columns-is-layout-9d6595d7 wp-block-columns-is-layout-flex\">\n<div class=\"wp-block-column is-layout-flow wp-block-column-is-layout-flow\">\n<p><strong>Dejiny pe\u0148az\u00ed<\/strong> \u2013 <a aria-label=\"\ufffc (otvor\u00ed sa v novej karte)\" href=\"https:\/\/moodle.ekf.tuke.sk\/course\/view.php?id=34\" target=\"_blank\" rel=\"noreferrer noopener\"><img loading=\"lazy\" decoding=\"async\" width=\"30\" height=\"30\" class=\"wp-image-618\" style=\"width: 30px;\" src=\"http:\/\/ke.ekf.tuke.sk\/wp-content\/uploads\/2020\/12\/moodle-m-with-grid.png\" alt=\"\" srcset=\"https:\/\/ke.ekf.tuke.sk\/wp-content\/uploads\/2020\/12\/moodle-m-with-grid.png 1024w, https:\/\/ke.ekf.tuke.sk\/wp-content\/uploads\/2020\/12\/moodle-m-with-grid-150x150.png 150w, https:\/\/ke.ekf.tuke.sk\/wp-content\/uploads\/2020\/12\/moodle-m-with-grid-300x300.png 300w, https:\/\/ke.ekf.tuke.sk\/wp-content\/uploads\/2020\/12\/moodle-m-with-grid-768x768.png 768w\" sizes=\"auto, (max-width: 30px) 100vw, 30px\" \/><\/a><br>ODBOR: FBI<br>PREDN\u00c1\u0160KY:<br>prof. Ing. Rajmund Mirdala, PhD. <br>CVI\u010cENIA:<br>prof. Ing. Rajmund Mirdala, PhD.<\/p>\n<\/div>\n\n\n\n<div class=\"wp-block-column is-layout-flow wp-block-column-is-layout-flow\">\n<p><strong>Soci\u00e1lne zabezpe\u010denie<\/strong>   <br>ODBOR: FBI<br>PREDN\u00c1\u0160KY:<br>Ing. Marek Pekar\u010d\u00edk, PhD. <br>CVI\u010cENIA:<br>Ing. Marek Pekar\u010d\u00edk, PhD.<\/p>\n<\/div>\n<\/div>\n\n\n\n<div class=\"wp-block-columns has-2-columns is-layout-flex wp-container-core-columns-is-layout-9d6595d7 wp-block-columns-is-layout-flex\">\n<div class=\"wp-block-column is-layout-flow wp-block-column-is-layout-flow\">\n<p><strong>Z\u00e1klady input-output anal\u00fdzy<\/strong> &#8211; <a aria-label=\"\ufffc (otvor\u00ed sa v novej karte)\" href=\"https:\/\/moodle.ekf.tuke.sk\/course\/view.php?id=39\" target=\"_blank\" rel=\"noreferrer noopener\"><img loading=\"lazy\" decoding=\"async\" width=\"30\" height=\"30\" class=\"wp-image-618\" style=\"width: 30px;\" src=\"http:\/\/ke.ekf.tuke.sk\/wp-content\/uploads\/2020\/12\/moodle-m-with-grid.png\" alt=\"\" srcset=\"https:\/\/ke.ekf.tuke.sk\/wp-content\/uploads\/2020\/12\/moodle-m-with-grid.png 1024w, https:\/\/ke.ekf.tuke.sk\/wp-content\/uploads\/2020\/12\/moodle-m-with-grid-150x150.png 150w, https:\/\/ke.ekf.tuke.sk\/wp-content\/uploads\/2020\/12\/moodle-m-with-grid-300x300.png 300w, https:\/\/ke.ekf.tuke.sk\/wp-content\/uploads\/2020\/12\/moodle-m-with-grid-768x768.png 768w\" sizes=\"auto, (max-width: 30px) 100vw, 30px\" \/><\/a><br>ODBOR: FBI<br>PREDN\u00c1\u0160KY:<br>Ing. \u013dudmila Bart\u00f3kov\u00e1, PhD. <br>CVI\u010cENIA:<br>Ing. \u013dudmila Bart\u00f3kov\u00e1, PhD.<\/p>\n<\/div>\n\n\n\n<div class=\"wp-block-column is-layout-flow wp-block-column-is-layout-flow\">\n<p><\/p>\n<\/div>\n<\/div>\n\n\n\n<hr class=\"wp-block-separator has-css-opacity is-style-wide\"\/>\n\n\n\n<p><strong>POVINNE VOLITE\u013dN\u00c9 PREDMETY (PVP) &#8211; LETN\u00dd SEMESTER<\/strong><br>Konzulta\u010dn\u00e9 hodiny pre PVP v LS: pod\u013ea dohody s vyu\u010duj\u00facim dan\u00e9ho predmetu<\/p>\n\n\n\n<hr class=\"wp-block-separator has-css-opacity is-style-wide\"\/>\n\n\n\n<div class=\"wp-block-columns has-2-columns is-layout-flex wp-container-core-columns-is-layout-9d6595d7 wp-block-columns-is-layout-flex\">\n<div class=\"wp-block-column is-layout-flow wp-block-column-is-layout-flow\">\n<p><strong>Mana\u017e\u00e9rska psychol\u00f3gia<\/strong> <a aria-label=\" (otvor\u00ed sa v novej karte)\" href=\"http:\/\/ke.ekf.tuke.sk\/wp-content\/uploads\/2023\/07\/ilp_psych_int_vztahov_2023.pdf\" target=\"_blank\" rel=\"noreferrer noopener\"> <\/a>\u2013 <a aria-label=\"\ufffc (otvor\u00ed sa v novej karte)\" href=\"https:\/\/moodle.ekf.tuke.sk\/course\/view.php?id=211\" target=\"_blank\" rel=\"noreferrer noopener\"><img loading=\"lazy\" decoding=\"async\" width=\"30\" height=\"30\" class=\"wp-image-618\" style=\"width: 30px;\" src=\"http:\/\/ke.ekf.tuke.sk\/wp-content\/uploads\/2020\/12\/moodle-m-with-grid.png\" alt=\"\" srcset=\"https:\/\/ke.ekf.tuke.sk\/wp-content\/uploads\/2020\/12\/moodle-m-with-grid.png 1024w, https:\/\/ke.ekf.tuke.sk\/wp-content\/uploads\/2020\/12\/moodle-m-with-grid-150x150.png 150w, https:\/\/ke.ekf.tuke.sk\/wp-content\/uploads\/2020\/12\/moodle-m-with-grid-300x300.png 300w, https:\/\/ke.ekf.tuke.sk\/wp-content\/uploads\/2020\/12\/moodle-m-with-grid-768x768.png 768w\" sizes=\"auto, (max-width: 30px) 100vw, 30px\" \/><\/a><br>ODBOR: FBI, EAMVS<br>PREDN\u00c1\u0160KY:<br>PhDr. Radka \u010copkov\u00e1, PhD. <br>CVI\u010cENIA:<br>PhDr. Radka \u010copkov\u00e1, PhD.<\/p>\n\n\n\n<p><strong>Te\u00f3ria hier<\/strong> \u2013 <a aria-label=\"\ufffc (otvor\u00ed sa v novej karte)\" href=\"https:\/\/moodle.ekf.tuke.sk\/course\/view.php?id=210\" target=\"_blank\" rel=\"noreferrer noopener\"><img loading=\"lazy\" decoding=\"async\" width=\"30\" height=\"30\" class=\"wp-image-618\" style=\"width: 30px;\" src=\"http:\/\/ke.ekf.tuke.sk\/wp-content\/uploads\/2020\/12\/moodle-m-with-grid.png\" alt=\"\" srcset=\"https:\/\/ke.ekf.tuke.sk\/wp-content\/uploads\/2020\/12\/moodle-m-with-grid.png 1024w, https:\/\/ke.ekf.tuke.sk\/wp-content\/uploads\/2020\/12\/moodle-m-with-grid-150x150.png 150w, https:\/\/ke.ekf.tuke.sk\/wp-content\/uploads\/2020\/12\/moodle-m-with-grid-300x300.png 300w, https:\/\/ke.ekf.tuke.sk\/wp-content\/uploads\/2020\/12\/moodle-m-with-grid-768x768.png 768w\" sizes=\"auto, (max-width: 30px) 100vw, 30px\" \/><\/a><br>ODBOR: FBI, EaMVS<br>PREDN\u00c1\u0160KY:<br>Ing. Jana Zori\u010d\u00e1kov\u00e1, PhD. <br>CVI\u010cENIA:<br>Ing. Jana Zori\u010d\u00e1kov\u00e1, PhD.<\/p>\n<\/div>\n\n\n\n<div class=\"wp-block-column is-layout-flow wp-block-column-is-layout-flow\">\n<p><strong>Kryptomeny a blockchain<\/strong> \u2013 <a aria-label=\"\ufffc (otvor\u00ed sa v novej karte)\" href=\"https:\/\/moodle.ekf.tuke.sk\/enrol\/index.php?id=299\" target=\"_blank\" rel=\"noreferrer noopener\"><img loading=\"lazy\" decoding=\"async\" width=\"30\" height=\"30\" class=\"wp-image-618\" style=\"width: 30px;\" src=\"http:\/\/ke.ekf.tuke.sk\/wp-content\/uploads\/2020\/12\/moodle-m-with-grid.png\" alt=\"\" srcset=\"https:\/\/ke.ekf.tuke.sk\/wp-content\/uploads\/2020\/12\/moodle-m-with-grid.png 1024w, https:\/\/ke.ekf.tuke.sk\/wp-content\/uploads\/2020\/12\/moodle-m-with-grid-150x150.png 150w, https:\/\/ke.ekf.tuke.sk\/wp-content\/uploads\/2020\/12\/moodle-m-with-grid-300x300.png 300w, https:\/\/ke.ekf.tuke.sk\/wp-content\/uploads\/2020\/12\/moodle-m-with-grid-768x768.png 768w\" sizes=\"auto, (max-width: 30px) 100vw, 30px\" \/><\/a> <br>ODBOR: FBI<br>PREDN\u00c1\u0160KY:<br>prof. Ing. Rajmund Mirdala, PhD. <br>CVI\u010cENIA:<br>prof. Ing. Rajmund Mirdala, PhD.<\/p>\n<\/div>\n<\/div>\n\n\n\n<hr class=\"wp-block-separator has-css-opacity is-style-wide\"\/>\n","protected":false},"excerpt":{"rendered":"<p>POVINN\u00c9 PREDMETY (PP) &#8211; ZIMN\u00dd SEMESTERKonzulta\u010dn\u00e9 hodiny pre PP v ZS: pod\u013ea dohody s vyu\u010duj\u00facim dan\u00e9ho predmetuInforma\u010dn\u00e9 listy predmetov: aktu\u00e1lnu verziu mo\u017eno n\u00e1js\u0165 na str\u00e1nke&hellip;<\/p>\n","protected":false},"author":1,"featured_media":0,"parent":0,"menu_order":0,"comment_status":"closed","ping_status":"closed","template":"","meta":{"footnotes":""},"class_list":["post-359","page","type-page","status-publish","hentry","no-post-thumbnail"],"_links":{"self":[{"href":"https:\/\/ke.ekf.tuke.sk\/index.php\/wp-json\/wp\/v2\/pages\/359","targetHints":{"allow":["GET"]}}],"collection":[{"href":"https:\/\/ke.ekf.tuke.sk\/index.php\/wp-json\/wp\/v2\/pages"}],"about":[{"href":"https:\/\/ke.ekf.tuke.sk\/index.php\/wp-json\/wp\/v2\/types\/page"}],"author":[{"embeddable":true,"href":"https:\/\/ke.ekf.tuke.sk\/index.php\/wp-json\/wp\/v2\/users\/1"}],"replies":[{"embeddable":true,"href":"https:\/\/ke.ekf.tuke.sk\/index.php\/wp-json\/wp\/v2\/comments?post=359"}],"version-history":[{"count":54,"href":"https:\/\/ke.ekf.tuke.sk\/index.php\/wp-json\/wp\/v2\/pages\/359\/revisions"}],"predecessor-version":[{"id":2023,"href":"https:\/\/ke.ekf.tuke.sk\/index.php\/wp-json\/wp\/v2\/pages\/359\/revisions\/2023"}],"wp:attachment":[{"href":"https:\/\/ke.ekf.tuke.sk\/index.php\/wp-json\/wp\/v2\/media?parent=359"}],"curies":[{"name":"wp","href":"https:\/\/api.w.org\/{rel}","templated":true}]}}