{"id":330,"date":"2020-12-19T13:27:08","date_gmt":"2020-12-19T12:27:08","guid":{"rendered":"http:\/\/www4.ekf.tuke.sk\/ke\/?page_id=330"},"modified":"2025-09-11T09:05:53","modified_gmt":"2025-09-11T07:05:53","slug":"bc-2-rocnik","status":"publish","type":"page","link":"https:\/\/ke.ekf.tuke.sk\/index.php\/bc-2-rocnik\/","title":{"rendered":"BC 2. ro\u010dn\u00edk"},"content":{"rendered":"\n<p><strong> POVINN\u00c9 PREDMETY  (PP) &#8211; ZIMN\u00dd SEMESTER <\/strong><br>Konzulta\u010dn\u00e9 hodiny pre PP v ZS: pod\u013ea dohody s vyu\u010duj\u00facim dan\u00e9ho predmetu<br>Informa\u010dn\u00e9 listy predmetov: aktu\u00e1lnu verziu mo\u017eno n\u00e1js\u0165 na str\u00e1nke&nbsp;<a href=\"https:\/\/maisportal.tuke.sk\/portal\/studijneProgramy.mais\" target=\"_blank\" rel=\"noreferrer noopener\">maisportal.tuke.sk<\/a><\/p>\n\n\n\n<hr class=\"wp-block-separator has-css-opacity is-style-wide\"\/>\n\n\n\n<div class=\"wp-block-columns has-2-columns is-layout-flex wp-container-core-columns-is-layout-9d6595d7 wp-block-columns-is-layout-flex\">\n<div class=\"wp-block-column is-layout-flow wp-block-column-is-layout-flow\">\n<p><strong>Dejiny ekonomick\u00fdch te\u00f3ri\u00ed<\/strong> &#8211;<a aria-label=\" (otvor\u00ed sa v novej karte)\" href=\"http:\/\/ke.ekf.tuke.sk\/wp-content\/uploads\/2023\/07\/ilp_dejiny_2023.pdf\" target=\"_blank\" rel=\"noreferrer noopener\"> <\/a> <a href=\"https:\/\/moodle.ekf.tuke.sk\/course\/view.php?id=338\" target=\"_blank\" rel=\"noreferrer noopener\"><img loading=\"lazy\" decoding=\"async\" width=\"30\" height=\"30\" class=\"wp-image-618\" style=\"width: 30px;\" src=\"http:\/\/ke.ekf.tuke.sk\/wp-content\/uploads\/2020\/12\/moodle-m-with-grid.png\" alt=\"\" srcset=\"https:\/\/ke.ekf.tuke.sk\/wp-content\/uploads\/2020\/12\/moodle-m-with-grid.png 1024w, https:\/\/ke.ekf.tuke.sk\/wp-content\/uploads\/2020\/12\/moodle-m-with-grid-150x150.png 150w, https:\/\/ke.ekf.tuke.sk\/wp-content\/uploads\/2020\/12\/moodle-m-with-grid-300x300.png 300w, https:\/\/ke.ekf.tuke.sk\/wp-content\/uploads\/2020\/12\/moodle-m-with-grid-768x768.png 768w\" sizes=\"auto, (max-width: 30px) 100vw, 30px\" \/><\/a><br>ODBOR: FBI<br>PREDN\u00c1\u0160KY:<br>Ing. \u013dudmila Bart\u00f3kov\u00e1, PhD. <br><\/p>\n<\/div>\n\n\n\n<div class=\"wp-block-column is-layout-flow wp-block-column-is-layout-flow\">\n<p><strong>1.  Anglick\u00fd jazyk pre ekon\u00f3mov III.<\/strong> &#8211; <br>ODBOR: FBI, EaMVS<br>SEMIN\u00c1RE:<br>Mgr. Eva Ka\u0161\u010d\u00e1kov\u00e1, PhD.<br>Mgr. Henrieta Ko\u017earikov\u00e1, PhD.<\/p>\n<\/div>\n<\/div>\n\n\n\n<div class=\"wp-block-columns has-2-columns is-layout-flex wp-container-core-columns-is-layout-9d6595d7 wp-block-columns-is-layout-flex\">\n<div class=\"wp-block-column is-layout-flow wp-block-column-is-layout-flow\">\n<p><\/p>\n<\/div>\n\n\n\n<div class=\"wp-block-column is-layout-flow wp-block-column-is-layout-flow\"><\/div>\n<\/div>\n\n\n\n<hr class=\"wp-block-separator has-css-opacity is-style-wide\"\/>\n\n\n\n<p><strong>POVINNE VOLITE\u013dN\u00c9 PREDMETY  (PVP) &#8211; ZIMN\u00dd SEMESTER<\/strong> <br>Konzulta\u010dn\u00e9 hodiny pre PVP v ZS: pod\u013ea dohody s vyu\u010duj\u00facim dan\u00e9ho predmetu <\/p>\n\n\n\n<hr class=\"wp-block-separator has-css-opacity is-style-wide\"\/>\n\n\n\n<div class=\"wp-block-columns has-2-columns is-layout-flex wp-container-core-columns-is-layout-9d6595d7 wp-block-columns-is-layout-flex\">\n<div class=\"wp-block-column is-layout-flow wp-block-column-is-layout-flow\">\n<p><strong>Analyse macro\u00e9conomique approfondie<\/strong> &#8211; <a aria-label=\"\ufffc (otvor\u00ed sa v novej karte)\" href=\"https:\/\/moodle.ekf.tuke.sk\/course\/view.php?id=38\" target=\"_blank\" rel=\"noreferrer noopener\"><img loading=\"lazy\" decoding=\"async\" width=\"30\" height=\"30\" class=\"wp-image-618\" style=\"width: 30px;\" src=\"http:\/\/ke.ekf.tuke.sk\/wp-content\/uploads\/2020\/12\/moodle-m-with-grid.png\" alt=\"\" srcset=\"https:\/\/ke.ekf.tuke.sk\/wp-content\/uploads\/2020\/12\/moodle-m-with-grid.png 1024w, https:\/\/ke.ekf.tuke.sk\/wp-content\/uploads\/2020\/12\/moodle-m-with-grid-150x150.png 150w, https:\/\/ke.ekf.tuke.sk\/wp-content\/uploads\/2020\/12\/moodle-m-with-grid-300x300.png 300w, https:\/\/ke.ekf.tuke.sk\/wp-content\/uploads\/2020\/12\/moodle-m-with-grid-768x768.png 768w\" sizes=\"auto, (max-width: 30px) 100vw, 30px\" \/><\/a><br>ODBOR: FBI<br>PREDN\u00c1\u0160KY:<br>Ing. Veronika \u0160ul\u00edkov\u00e1, PhD. <br>CVI\u010cENIA:<br>Ing. Veronika \u0160ul\u00edkov\u00e1, PhD.<\/p>\n<\/div>\n\n\n\n<div class=\"wp-block-column is-layout-flow wp-block-column-is-layout-flow\">\n<p><strong>Z\u00e1klady input-output anal\u00fdzy<\/strong> &#8211;  <a aria-label=\"\ufffc (otvor\u00ed sa v novej karte)\" href=\"https:\/\/moodle.ekf.tuke.sk\/course\/view.php?id=39\" target=\"_blank\" rel=\"noreferrer noopener\"><img loading=\"lazy\" decoding=\"async\" width=\"30\" height=\"30\" class=\"wp-image-618\" style=\"width: 30px;\" src=\"http:\/\/ke.ekf.tuke.sk\/wp-content\/uploads\/2020\/12\/moodle-m-with-grid.png\" alt=\"\" srcset=\"https:\/\/ke.ekf.tuke.sk\/wp-content\/uploads\/2020\/12\/moodle-m-with-grid.png 1024w, https:\/\/ke.ekf.tuke.sk\/wp-content\/uploads\/2020\/12\/moodle-m-with-grid-150x150.png 150w, https:\/\/ke.ekf.tuke.sk\/wp-content\/uploads\/2020\/12\/moodle-m-with-grid-300x300.png 300w, https:\/\/ke.ekf.tuke.sk\/wp-content\/uploads\/2020\/12\/moodle-m-with-grid-768x768.png 768w\" sizes=\"auto, (max-width: 30px) 100vw, 30px\" \/><\/a><br>ODBOR: FBI<br>PREDN\u00c1\u0160KY:<br>Ing. \u013dudmila Bart\u00f3kov\u00e1, PhD. <br>CVI\u010cENIA:<br>Ing. \u013dudmila Bart\u00f3kov\u00e1, PhD.<\/p>\n<\/div>\n<\/div>\n\n\n\n<div class=\"wp-block-columns has-2-columns is-layout-flex wp-container-core-columns-is-layout-9d6595d7 wp-block-columns-is-layout-flex\">\n<div class=\"wp-block-column is-layout-flow wp-block-column-is-layout-flow\">\n<p><strong>Soci\u00e1lne zabezpe\u010denie<\/strong> &#8211;  <a aria-label=\"\ufffc (otvor\u00ed sa v novej karte)\" href=\"https:\/\/moodle.ekf.tuke.sk\/course\/view.php?id=40\" target=\"_blank\" rel=\"noreferrer noopener\"><img loading=\"lazy\" decoding=\"async\" width=\"30\" height=\"30\" class=\"wp-image-618\" style=\"width: 30px;\" src=\"http:\/\/ke.ekf.tuke.sk\/wp-content\/uploads\/2020\/12\/moodle-m-with-grid.png\" alt=\"\" srcset=\"https:\/\/ke.ekf.tuke.sk\/wp-content\/uploads\/2020\/12\/moodle-m-with-grid.png 1024w, https:\/\/ke.ekf.tuke.sk\/wp-content\/uploads\/2020\/12\/moodle-m-with-grid-150x150.png 150w, https:\/\/ke.ekf.tuke.sk\/wp-content\/uploads\/2020\/12\/moodle-m-with-grid-300x300.png 300w, https:\/\/ke.ekf.tuke.sk\/wp-content\/uploads\/2020\/12\/moodle-m-with-grid-768x768.png 768w\" sizes=\"auto, (max-width: 30px) 100vw, 30px\" \/><\/a><br>ODBOR: FBI<br>PREDN\u00c1\u0160KY:<br>Ing. Marek Pekar\u010d\u00edk <br>CVI\u010cENIA:<br>Ing. Marek Pekar\u010d\u00edk<\/p>\n<\/div>\n\n\n\n<div class=\"wp-block-column is-layout-flow wp-block-column-is-layout-flow\">\n<p><strong>Z\u00e1klady psychol\u00f3gie<\/strong> &#8211; <a aria-label=\"\ufffc (otvor\u00ed sa v novej karte)\" href=\"https:\/\/moodle.ekf.tuke.sk\/course\/view.php?id=14\" target=\"_blank\" rel=\"noreferrer noopener\"><img loading=\"lazy\" decoding=\"async\" width=\"30\" height=\"30\" class=\"wp-image-618\" style=\"width: 30px;\" src=\"http:\/\/ke.ekf.tuke.sk\/wp-content\/uploads\/2020\/12\/moodle-m-with-grid.png\" alt=\"\" srcset=\"https:\/\/ke.ekf.tuke.sk\/wp-content\/uploads\/2020\/12\/moodle-m-with-grid.png 1024w, https:\/\/ke.ekf.tuke.sk\/wp-content\/uploads\/2020\/12\/moodle-m-with-grid-150x150.png 150w, https:\/\/ke.ekf.tuke.sk\/wp-content\/uploads\/2020\/12\/moodle-m-with-grid-300x300.png 300w, https:\/\/ke.ekf.tuke.sk\/wp-content\/uploads\/2020\/12\/moodle-m-with-grid-768x768.png 768w\" sizes=\"auto, (max-width: 30px) 100vw, 30px\" \/><\/a><br>ODBOR: FBI, EaMVS<br>PREDN\u00c1\u0160KY:<br>PhDr. Radka \u010copkov\u00e1, PhD.<br>CVI\u010cENIA:<br>PhDr. Radka \u010copkov\u00e1, PhD.<\/p>\n<\/div>\n<\/div>\n\n\n\n<hr class=\"wp-block-separator has-css-opacity is-style-wide\"\/>\n\n\n\n<p> <strong>POVINN\u00c9 PREDMETY  (PP) &#8211; LETN\u00dd SEMESTER <\/strong><br>Konzulta\u010dn\u00e9 hodiny pre PP v LS: pod\u013ea dohody s vyu\u010duj\u00facim dan\u00e9ho predmetu<\/p>\n\n\n\n<hr class=\"wp-block-separator has-css-opacity is-style-wide\"\/>\n\n\n\n<div class=\"wp-block-columns has-2-columns is-layout-flex wp-container-core-columns-is-layout-9d6595d7 wp-block-columns-is-layout-flex\">\n<div class=\"wp-block-column is-layout-flow wp-block-column-is-layout-flow\">\n<p><strong>1.  Anglick\u00fd jazyk pre ekon\u00f3mov IV.<\/strong> &#8211; <br>ODBOR: FBI, EaMVS<br>SEMIN\u00c1RE:<br>Mgr. Eva Ka\u0161\u010d\u00e1kov\u00e1, PhD.<br>Mgr. Henrieta Ko\u017ear\u00edkov\u00e1, PhD.<\/p>\n<\/div>\n\n\n\n<div class=\"wp-block-column is-layout-flow wp-block-column-is-layout-flow\">\n<p><\/p>\n<\/div>\n<\/div>\n\n\n\n<hr class=\"wp-block-separator has-css-opacity is-style-wide\"\/>\n\n\n\n<p> <strong>POVINNE VOLITE\u013dN\u00c9 PREDMETY (PVP) &#8211; LETN\u00dd SEMESTER  <\/strong><br>Konzulta\u010dn\u00e9 hodiny pre PVP v LS: pod\u013ea dohody s vyu\u010duj\u00facim dan\u00e9ho predmetu<\/p>\n\n\n\n<hr class=\"wp-block-separator has-css-opacity is-style-wide\"\/>\n\n\n\n<div class=\"wp-block-columns has-2-columns is-layout-flex wp-container-core-columns-is-layout-9d6595d7 wp-block-columns-is-layout-flex\">\n<div class=\"wp-block-column is-layout-flow wp-block-column-is-layout-flow\">\n<p><strong>Geopolitika<\/strong> &#8211;  <a aria-label=\"\ufffc (otvor\u00ed sa v novej karte)\" href=\"https:\/\/moodle.ekf.tuke.sk\/course\/view.php?id=202\" target=\"_blank\" rel=\"noreferrer noopener\"><img loading=\"lazy\" decoding=\"async\" width=\"30\" height=\"30\" class=\"wp-image-618\" style=\"width: 30px;\" src=\"http:\/\/ke.ekf.tuke.sk\/wp-content\/uploads\/2020\/12\/moodle-m-with-grid.png\" alt=\"\" srcset=\"https:\/\/ke.ekf.tuke.sk\/wp-content\/uploads\/2020\/12\/moodle-m-with-grid.png 1024w, https:\/\/ke.ekf.tuke.sk\/wp-content\/uploads\/2020\/12\/moodle-m-with-grid-150x150.png 150w, https:\/\/ke.ekf.tuke.sk\/wp-content\/uploads\/2020\/12\/moodle-m-with-grid-300x300.png 300w, https:\/\/ke.ekf.tuke.sk\/wp-content\/uploads\/2020\/12\/moodle-m-with-grid-768x768.png 768w\" sizes=\"auto, (max-width: 30px) 100vw, 30px\" \/><\/a><br>ODBOR: FBI, EaMVS<br>PREDN\u00c1\u0160KY:<br>PhDr. Daniela Pala\u0161\u010d\u00e1kov\u00e1, PhD. <br>CVI\u010cENIA:<br>PhDr. Daniela Pala\u0161\u010d\u00e1kov\u00e1, PhD.<\/p>\n<\/div>\n\n\n\n<div class=\"wp-block-column is-layout-flow wp-block-column-is-layout-flow\">\n<p><strong>Analyse micro\u00e9conomique approfondie<\/strong> &#8211; <a aria-label=\"\ufffc (otvor\u00ed sa v novej karte)\" href=\"https:\/\/moodle.ekf.tuke.sk\/course\/view.php?id=199\" target=\"_blank\" rel=\"noreferrer noopener\"><img loading=\"lazy\" decoding=\"async\" width=\"30\" height=\"30\" class=\"wp-image-618\" style=\"width: 30px;\" src=\"http:\/\/ke.ekf.tuke.sk\/wp-content\/uploads\/2020\/12\/moodle-m-with-grid.png\" alt=\"\" srcset=\"https:\/\/ke.ekf.tuke.sk\/wp-content\/uploads\/2020\/12\/moodle-m-with-grid.png 1024w, https:\/\/ke.ekf.tuke.sk\/wp-content\/uploads\/2020\/12\/moodle-m-with-grid-150x150.png 150w, https:\/\/ke.ekf.tuke.sk\/wp-content\/uploads\/2020\/12\/moodle-m-with-grid-300x300.png 300w, https:\/\/ke.ekf.tuke.sk\/wp-content\/uploads\/2020\/12\/moodle-m-with-grid-768x768.png 768w\" sizes=\"auto, (max-width: 30px) 100vw, 30px\" \/><\/a><br>ODBOR: FBI<br>PREDN\u00c1\u0160KY:<br>Ing. \u013dudmila Bart\u00f3kov\u00e1, PhD. <br>CVI\u010cENIA:<br>Ing. \u013dudmila Bart\u00f3kov\u00e1, PhD.<\/p>\n<\/div>\n<\/div>\n\n\n\n<p><\/p>\n","protected":false},"excerpt":{"rendered":"<p>POVINN\u00c9 PREDMETY (PP) &#8211; ZIMN\u00dd SEMESTER Konzulta\u010dn\u00e9 hodiny pre PP v ZS: pod\u013ea dohody s vyu\u010duj\u00facim dan\u00e9ho predmetuInforma\u010dn\u00e9 listy predmetov: aktu\u00e1lnu verziu mo\u017eno n\u00e1js\u0165 na&hellip;<\/p>\n","protected":false},"author":1,"featured_media":0,"parent":0,"menu_order":0,"comment_status":"closed","ping_status":"closed","template":"","meta":{"footnotes":""},"class_list":["post-330","page","type-page","status-publish","hentry","no-post-thumbnail"],"_links":{"self":[{"href":"https:\/\/ke.ekf.tuke.sk\/index.php\/wp-json\/wp\/v2\/pages\/330","targetHints":{"allow":["GET"]}}],"collection":[{"href":"https:\/\/ke.ekf.tuke.sk\/index.php\/wp-json\/wp\/v2\/pages"}],"about":[{"href":"https:\/\/ke.ekf.tuke.sk\/index.php\/wp-json\/wp\/v2\/types\/page"}],"author":[{"embeddable":true,"href":"https:\/\/ke.ekf.tuke.sk\/index.php\/wp-json\/wp\/v2\/users\/1"}],"replies":[{"embeddable":true,"href":"https:\/\/ke.ekf.tuke.sk\/index.php\/wp-json\/wp\/v2\/comments?post=330"}],"version-history":[{"count":68,"href":"https:\/\/ke.ekf.tuke.sk\/index.php\/wp-json\/wp\/v2\/pages\/330\/revisions"}],"predecessor-version":[{"id":1976,"href":"https:\/\/ke.ekf.tuke.sk\/index.php\/wp-json\/wp\/v2\/pages\/330\/revisions\/1976"}],"wp:attachment":[{"href":"https:\/\/ke.ekf.tuke.sk\/index.php\/wp-json\/wp\/v2\/media?parent=330"}],"curies":[{"name":"wp","href":"https:\/\/api.w.org\/{rel}","templated":true}]}}