{"id":209,"date":"2020-12-18T19:58:28","date_gmt":"2020-12-18T18:58:28","guid":{"rendered":"http:\/\/www4.ekf.tuke.sk\/ke\/?page_id=209"},"modified":"2025-01-23T08:33:00","modified_gmt":"2025-01-23T07:33:00","slug":"jana-zausinova","status":"publish","type":"page","link":"https:\/\/ke.ekf.tuke.sk\/index.php\/jana-zausinova\/","title":{"rendered":"Jana Zori\u010d\u00e1kov\u00e1"},"content":{"rendered":"\n<p> ODBORN\u00c1 ASISTENTKA<\/p>\n\n\n\n<div class=\"wp-block-columns has-2-columns is-layout-flex wp-container-core-columns-is-layout-9d6595d7 wp-block-columns-is-layout-flex\">\n<div class=\"wp-block-column is-layout-flow wp-block-column-is-layout-flow\">\n<p><img loading=\"lazy\" decoding=\"async\" width=\"25\" height=\"25\" class=\"wp-image-690\" style=\"width: 25px;\" src=\"http:\/\/ke.ekf.tuke.sk\/wp-content\/uploads\/2020\/12\/mail-1281.jpg\" alt=\"\"> <a href=\"mailto: jana.zoricakova@tuke.sk\">jana.zoricakova@tuke.sk<\/a><br><img loading=\"lazy\" decoding=\"async\" width=\"25\" height=\"25\" class=\"wp-image-685\" style=\"width: 25px;\" src=\"http:\/\/ke.ekf.tuke.sk\/wp-content\/uploads\/2020\/12\/devices-01-128.jpg\" alt=\"\"> 055\/ 602 2213<br><img loading=\"lazy\" decoding=\"async\" width=\"25\" height=\"25\" class=\"wp-image-1054\" style=\"width: 25px;\" src=\"http:\/\/ke.ekf.tuke.sk\/wp-content\/uploads\/2021\/01\/images_pin.png\" alt=\"\" srcset=\"https:\/\/ke.ekf.tuke.sk\/wp-content\/uploads\/2021\/01\/images_pin.png 225w, https:\/\/ke.ekf.tuke.sk\/wp-content\/uploads\/2021\/01\/images_pin-150x150.png 150w\" sizes=\"auto, (max-width: 25px) 100vw, 25px\" \/> Nemcovej 32<br><img loading=\"lazy\" decoding=\"async\" width=\"25\" height=\"25\" class=\"wp-image-674\" style=\"width: 25px;\" src=\"http:\/\/ke.ekf.tuke.sk\/wp-content\/uploads\/2020\/12\/87-512-1.png\" alt=\"\" srcset=\"https:\/\/ke.ekf.tuke.sk\/wp-content\/uploads\/2020\/12\/87-512-1.png 512w, https:\/\/ke.ekf.tuke.sk\/wp-content\/uploads\/2020\/12\/87-512-1-150x150.png 150w, https:\/\/ke.ekf.tuke.sk\/wp-content\/uploads\/2020\/12\/87-512-1-300x300.png 300w\" sizes=\"auto, (max-width: 25px) 100vw, 25px\" \/> 419<\/p>\n<\/div>\n\n\n\n<div class=\"wp-block-column is-layout-flow wp-block-column-is-layout-flow\">\n<p>PREDN\u00c1\u0160KY:<\/p>\n\n\n\n<ul class=\"wp-block-list\">\n<li>Te\u00f3ria hier<\/li>\n<\/ul>\n\n\n\n<p>CVI\u010cENIA \/ SEMIN\u00c1RE:<\/p>\n\n\n\n<ul class=\"wp-block-list\">\n<li>Mikroekon\u00f3mia<\/li>\n\n\n\n<li>Kvantitat\u00edvna mikroekon\u00f3mia<\/li>\n\n\n\n<li>Te\u00f3ria hier<\/li>\n\n\n\n<li>Ekonometria<\/li>\n<\/ul>\n<\/div>\n<\/div>\n","protected":false},"excerpt":{"rendered":"<p>ODBORN\u00c1 ASISTENTKA jana.zoricakova@tuke.sk 055\/ 602 2213 Nemcovej 32 419 PREDN\u00c1\u0160KY: CVI\u010cENIA \/ SEMIN\u00c1RE:<\/p>\n","protected":false},"author":1,"featured_media":0,"parent":0,"menu_order":0,"comment_status":"closed","ping_status":"closed","template":"","meta":{"footnotes":""},"class_list":["post-209","page","type-page","status-publish","hentry","no-post-thumbnail"],"_links":{"self":[{"href":"https:\/\/ke.ekf.tuke.sk\/index.php\/wp-json\/wp\/v2\/pages\/209","targetHints":{"allow":["GET"]}}],"collection":[{"href":"https:\/\/ke.ekf.tuke.sk\/index.php\/wp-json\/wp\/v2\/pages"}],"about":[{"href":"https:\/\/ke.ekf.tuke.sk\/index.php\/wp-json\/wp\/v2\/types\/page"}],"author":[{"embeddable":true,"href":"https:\/\/ke.ekf.tuke.sk\/index.php\/wp-json\/wp\/v2\/users\/1"}],"replies":[{"embeddable":true,"href":"https:\/\/ke.ekf.tuke.sk\/index.php\/wp-json\/wp\/v2\/comments?post=209"}],"version-history":[{"count":7,"href":"https:\/\/ke.ekf.tuke.sk\/index.php\/wp-json\/wp\/v2\/pages\/209\/revisions"}],"predecessor-version":[{"id":1857,"href":"https:\/\/ke.ekf.tuke.sk\/index.php\/wp-json\/wp\/v2\/pages\/209\/revisions\/1857"}],"wp:attachment":[{"href":"https:\/\/ke.ekf.tuke.sk\/index.php\/wp-json\/wp\/v2\/media?parent=209"}],"curies":[{"name":"wp","href":"https:\/\/api.w.org\/{rel}","templated":true}]}}